{"id":176,"date":"2022-10-10T08:32:13","date_gmt":"2022-10-10T08:32:13","guid":{"rendered":"http:\/\/trollbloggen.se\/?page_id=176"},"modified":"2024-12-06T16:54:00","modified_gmt":"2024-12-06T15:54:00","slug":"valkommen","status":"publish","type":"page","link":"https:\/\/trollbloggen.se\/","title":{"rendered":"V\u00e4lkommen!"},"content":{"rendered":"\t\t<div data-elementor-type=\"wp-page\" data-elementor-id=\"176\" class=\"elementor elementor-176\">\n\t\t\t\t\t\t<section class=\"elementor-section elementor-top-section elementor-element elementor-element-3f94582 elementor-section-boxed elementor-section-height-default elementor-section-height-default\" data-id=\"3f94582\" data-element_type=\"section\" data-e-type=\"section\">\n\t\t\t\t\t\t<div class=\"elementor-container elementor-column-gap-default\">\n\t\t\t\t\t<div class=\"elementor-column elementor-col-100 elementor-top-column elementor-element elementor-element-8b13a3a\" data-id=\"8b13a3a\" data-element_type=\"column\" data-e-type=\"column\">\n\t\t\t<div class=\"elementor-widget-wrap elementor-element-populated\">\n\t\t\t\t\t\t<div class=\"elementor-element elementor-element-b89d9ed elementor-widget elementor-widget-text-editor\" data-id=\"b89d9ed\" data-element_type=\"widget\" data-e-type=\"widget\" data-widget_type=\"text-editor.default\">\n\t\t\t\t<div class=\"elementor-widget-container\">\n\t\t\t\t\t\t\t\t\t<p>Detta \u00e4r Trollbloggen. En blogg som \u00e4r ofiltrerad, ocensurerad och obekv\u00e4m. Jag \u00e4r inte r\u00e4dd f\u00f6r att visa folks sanna sida och v\u00e4ljer fr\u00e5n inl\u00e4gg till inl\u00e4gg om jag vill visa inneh\u00e5llet maskerat eller helt \u00f6ppet.\u00a0<\/p><p>Jag tar upp saker jag anser att allm\u00e4nheten b\u00f6r veta. Jag tar \u00e4ven upp saker som allm\u00e4nheten redan vet men beh\u00f6ver bli p\u00e5minda om.\u00a0<\/p><p>Har ni fr\u00e5gor \u00e4r det bara att kontakta mig, antingen genom kontaktformul\u00e4ret eller genom att skriva en kommentar p\u00e5 n\u00e5got inl\u00e4gg.<\/p><p>\u00a0<\/p>\t\t\t\t\t\t\t\t<\/div>\n\t\t\t\t<\/div>\n\t\t\t\t\t<\/div>\n\t\t<\/div>\n\t\t\t\t\t<\/div>\n\t\t<\/section>\n\t\t\t\t<section class=\"elementor-section elementor-top-section elementor-element elementor-element-0fe8e84 elementor-section-boxed elementor-section-height-default elementor-section-height-default\" data-id=\"0fe8e84\" data-element_type=\"section\" data-e-type=\"section\">\n\t\t\t\t\t\t<div class=\"elementor-container elementor-column-gap-default\">\n\t\t\t\t\t<div class=\"elementor-column elementor-col-100 elementor-top-column elementor-element elementor-element-0255d1e\" data-id=\"0255d1e\" data-element_type=\"column\" data-e-type=\"column\">\n\t\t\t<div class=\"elementor-widget-wrap elementor-element-populated\">\n\t\t\t\t\t\t<div class=\"elementor-element elementor-element-451412f elementor-widget elementor-widget-text-editor\" data-id=\"451412f\" data-element_type=\"widget\" data-e-type=\"widget\" data-widget_type=\"text-editor.default\">\n\t\t\t\t<div class=\"elementor-widget-container\">\n\t\t\t\t\t\t\t\t\t<img decoding=\"async\" src=\"https:\/\/c.pxhere.com\/photos\/17\/ec\/photo-1410553.jpg!d\" srcset=\"https:\/\/c.pxhere.com\/photos\/17\/ec\/photo-1410553.jpg!d\" alt=\"desk, table, office, furniture, tableware, product, cool image, cool photo, product design, Free Images In PxHere\">\t\t\t\t\t\t\t\t<\/div>\n\t\t\t\t<\/div>\n\t\t\t\t<div class=\"elementor-element elementor-element-b62b141 elementor-widget elementor-widget-text-editor\" data-id=\"b62b141\" data-element_type=\"widget\" data-e-type=\"widget\" data-widget_type=\"text-editor.default\">\n\t\t\t\t<div class=\"elementor-widget-container\">\n\t\t\t\t\t\t\t\t\t<p>Jag kan inte garantera att mitt inneh\u00e5ll kommer att tilltala alla. Det \u00e4r inte heller mitt syfte. <br \/>Bloggen finns inte till f\u00f6r att stryka medh\u00e5rs. Den finns till f\u00f6r att ber\u00f6ra, oavsett vilka k\u00e4nslor den v\u00e4cker!<\/p>\t\t\t\t\t\t\t\t<\/div>\n\t\t\t\t<\/div>\n\t\t\t\t<div class=\"elementor-element elementor-element-e7a35d7 elementor-widget elementor-widget-spacer\" data-id=\"e7a35d7\" data-element_type=\"widget\" data-e-type=\"widget\" data-widget_type=\"spacer.default\">\n\t\t\t\t<div class=\"elementor-widget-container\">\n\t\t\t\t\t\t\t<div class=\"elementor-spacer\">\n\t\t\t<div class=\"elementor-spacer-inner\"><\/div>\n\t\t<\/div>\n\t\t\t\t\t\t<\/div>\n\t\t\t\t<\/div>\n\t\t\t\t\t<\/div>\n\t\t<\/div>\n\t\t\t\t\t<\/div>\n\t\t<\/section>\n\t\t\t\t<section class=\"elementor-section elementor-top-section elementor-element elementor-element-35dad9a elementor-section-boxed elementor-section-height-default elementor-section-height-default\" data-id=\"35dad9a\" data-element_type=\"section\" data-e-type=\"section\">\n\t\t\t\t\t\t<div class=\"elementor-container elementor-column-gap-default\">\n\t\t\t\t\t<div class=\"elementor-column elementor-col-100 elementor-top-column elementor-element elementor-element-6837f6b\" data-id=\"6837f6b\" data-element_type=\"column\" data-e-type=\"column\">\n\t\t\t<div class=\"elementor-widget-wrap elementor-element-populated\">\n\t\t\t\t\t\t<div class=\"elementor-element elementor-element-67cbaf9 elementor-widget elementor-widget-heading\" data-id=\"67cbaf9\" data-element_type=\"widget\" data-e-type=\"widget\" data-widget_type=\"heading.default\">\n\t\t\t\t<div class=\"elementor-widget-container\">\n\t\t\t\t\t<h2 class=\"elementor-heading-title elementor-size-default\">V\u00e4lkommen in...<\/h2>\t\t\t\t<\/div>\n\t\t\t\t<\/div>\n\t\t\t\t\t<\/div>\n\t\t<\/div>\n\t\t\t\t\t<\/div>\n\t\t<\/section>\n\t\t\t\t<\/div>\n\t\t","protected":false},"excerpt":{"rendered":"<p>Detta \u00e4r Trollbloggen. En blogg som \u00e4r ofiltrerad, ocensurerad och obekv\u00e4m. Jag \u00e4r inte r\u00e4dd f\u00f6r att visa folks sanna sida och v\u00e4ljer fr\u00e5n inl\u00e4gg till inl\u00e4gg om jag vill visa inneh\u00e5llet maskerat eller helt \u00f6ppet.\u00a0 Jag tar upp saker jag anser att allm\u00e4nheten b\u00f6r veta. Jag tar \u00e4ven upp saker som allm\u00e4nheten redan vet&#8230;<\/p>\n","protected":false},"author":1,"featured_media":0,"parent":0,"menu_order":0,"comment_status":"closed","ping_status":"closed","template":"","meta":{"footnotes":""},"class_list":["post-176","page","type-page","status-publish","hentry"],"jetpack-related-posts":[],"jetpack_sharing_enabled":true,"_links":{"self":[{"href":"https:\/\/trollbloggen.se\/index.php\/wp-json\/wp\/v2\/pages\/176","targetHints":{"allow":["GET"]}}],"collection":[{"href":"https:\/\/trollbloggen.se\/index.php\/wp-json\/wp\/v2\/pages"}],"about":[{"href":"https:\/\/trollbloggen.se\/index.php\/wp-json\/wp\/v2\/types\/page"}],"author":[{"embeddable":true,"href":"https:\/\/trollbloggen.se\/index.php\/wp-json\/wp\/v2\/users\/1"}],"replies":[{"embeddable":true,"href":"https:\/\/trollbloggen.se\/index.php\/wp-json\/wp\/v2\/comments?post=176"}],"version-history":[{"count":20,"href":"https:\/\/trollbloggen.se\/index.php\/wp-json\/wp\/v2\/pages\/176\/revisions"}],"predecessor-version":[{"id":6759,"href":"https:\/\/trollbloggen.se\/index.php\/wp-json\/wp\/v2\/pages\/176\/revisions\/6759"}],"wp:attachment":[{"href":"https:\/\/trollbloggen.se\/index.php\/wp-json\/wp\/v2\/media?parent=176"}],"curies":[{"name":"wp","href":"https:\/\/api.w.org\/{rel}","templated":true}]}}